{"id":1860,"date":"2025-02-26T15:55:42","date_gmt":"2025-02-26T14:55:42","guid":{"rendered":"https:\/\/achelsekluis.be\/product\/achel-rouge-legere-2\/"},"modified":"2025-06-26T15:07:02","modified_gmt":"2025-06-26T13:07:02","slug":"achel-rouge-legere-2","status":"publish","type":"product","link":"https:\/\/achelsekluis.be\/en\/product\/achel-rouge-legere-2\/","title":{"rendered":"<span>Achel<\/span><br\/>Rouge L\u00e9g\u00e8re"},"content":{"rendered":"<p data-start=\"78\" data-end=\"330\">Discover Achel Rouge L\u00e9g\u00e8re, the latest gem from the historic abbey De Achelse Kluis. This refreshing fruit beer is brewed with the same passion and craftsmanship as the familiar abbey beers, but brings a playful and surprising touch.<\/p>\n<p data-start=\"332\" data-end=\"660\">With a refined balance between sweet and sour and subtle hints of cherries and citrus, Achel Rouge L\u00e9g\u00e8re offers a unique taste experience. Thanks to its modest alcohol percentage of 5.5%, this beer is delightfully smooth and accessible \u2013 perfect for both the seasoned beer enthusiast and the curious explorer.<\/p>\n","protected":false},"excerpt":{"rendered":"<p>Discover Achel Rouge L\u00e9g\u00e8re, the latest gem from the historic abbey De Achelse Kluis. This refreshing fruit beer is brewed with the same passion and&#8230;<\/p>\n","protected":false},"featured_media":2343,"template":"","meta":{"_acf_changed":false},"product_brand":[],"product_cat":[26],"product_tag":[],"class_list":{"0":"post-1860","1":"product","2":"type-product","3":"status-publish","4":"has-post-thumbnail","6":"product_cat-beers","8":"first","9":"instock","10":"taxable","11":"shipping-taxable","12":"product-type-simple"},"acf":[],"yoast_head":"<!-- This site is optimized with the Yoast SEO plugin v27.4 - https:\/\/yoast.com\/product\/yoast-seo-wordpress\/ -->\n<title>Achel | Rouge L\u00e9g\u00e8re | De Achelse Kluis<\/title>\n<meta name=\"description\" content=\"Achel Rouge L\u00e9g\u00e8re is a refreshing fruit beer with a refined balance between sweet and sour, featuring notes of cherries and citrus.\" \/>\n<meta name=\"robots\" content=\"index, follow, max-snippet:-1, max-image-preview:large, max-video-preview:-1\" \/>\n<link rel=\"canonical\" href=\"https:\/\/achelsekluis.be\/en\/product\/achel-rouge-legere-2\/\" \/>\n<meta property=\"og:locale\" content=\"en_US\" \/>\n<meta property=\"og:type\" content=\"article\" \/>\n<meta property=\"og:title\" content=\"Achel | Rouge L\u00e9g\u00e8re | De Achelse Kluis\" \/>\n<meta property=\"og:description\" content=\"Achel Rouge L\u00e9g\u00e8re is a refreshing fruit beer with a refined balance between sweet and sour, featuring notes of cherries and citrus.\" \/>\n<meta property=\"og:url\" content=\"https:\/\/achelsekluis.be\/en\/product\/achel-rouge-legere-2\/\" \/>\n<meta property=\"og:site_name\" content=\"De Achelse Kluis\" \/>\n<meta property=\"article:publisher\" content=\"https:\/\/www.facebook.com\/AchelseKluis\" \/>\n<meta property=\"article:modified_time\" content=\"2025-06-26T13:07:02+00:00\" \/>\n<meta property=\"og:image\" content=\"https:\/\/achelsekluis.be\/wp-content\/uploads\/Achel-Rouge-Legere-website.png\" \/>\n\t<meta property=\"og:image:width\" content=\"336\" \/>\n\t<meta property=\"og:image:height\" content=\"780\" \/>\n\t<meta property=\"og:image:type\" content=\"image\/png\" \/>\n<script type=\"application\/ld+json\" class=\"yoast-schema-graph\">{\"@context\":\"https:\\\/\\\/schema.org\",\"@graph\":[{\"@type\":[\"WebPage\",\"ItemPage\"],\"@id\":\"https:\\\/\\\/achelsekluis.be\\\/en\\\/product\\\/achel-rouge-legere-2\\\/\",\"url\":\"https:\\\/\\\/achelsekluis.be\\\/en\\\/product\\\/achel-rouge-legere-2\\\/\",\"name\":\"Achel | Rouge L\u00e9g\u00e8re | De Achelse Kluis\",\"isPartOf\":{\"@id\":\"https:\\\/\\\/achelsekluis.be\\\/en\\\/#website\"},\"primaryImageOfPage\":{\"@id\":\"https:\\\/\\\/achelsekluis.be\\\/en\\\/product\\\/achel-rouge-legere-2\\\/#primaryimage\"},\"image\":{\"@id\":\"https:\\\/\\\/achelsekluis.be\\\/en\\\/product\\\/achel-rouge-legere-2\\\/#primaryimage\"},\"thumbnailUrl\":\"https:\\\/\\\/achelsekluis.be\\\/wp-content\\\/uploads\\\/achel_rouge.webp\",\"datePublished\":\"2025-02-26T14:55:42+00:00\",\"dateModified\":\"2025-06-26T13:07:02+00:00\",\"description\":\"Achel Rouge L\u00e9g\u00e8re is a refreshing fruit beer with a refined balance between sweet and sour, featuring notes of cherries and citrus.\",\"breadcrumb\":{\"@id\":\"https:\\\/\\\/achelsekluis.be\\\/en\\\/product\\\/achel-rouge-legere-2\\\/#breadcrumb\"},\"inLanguage\":\"en-US\",\"potentialAction\":[{\"@type\":\"ReadAction\",\"target\":[\"https:\\\/\\\/achelsekluis.be\\\/en\\\/product\\\/achel-rouge-legere-2\\\/\"]}]},{\"@type\":\"ImageObject\",\"inLanguage\":\"en-US\",\"@id\":\"https:\\\/\\\/achelsekluis.be\\\/en\\\/product\\\/achel-rouge-legere-2\\\/#primaryimage\",\"url\":\"https:\\\/\\\/achelsekluis.be\\\/wp-content\\\/uploads\\\/achel_rouge.webp\",\"contentUrl\":\"https:\\\/\\\/achelsekluis.be\\\/wp-content\\\/uploads\\\/achel_rouge.webp\",\"width\":340,\"height\":780,\"caption\":\"Achel Rouge\"},{\"@type\":\"BreadcrumbList\",\"@id\":\"https:\\\/\\\/achelsekluis.be\\\/en\\\/product\\\/achel-rouge-legere-2\\\/#breadcrumb\",\"itemListElement\":[{\"@type\":\"ListItem\",\"position\":1,\"name\":\"Home\",\"item\":\"https:\\\/\\\/achelsekluis.be\\\/en\\\/\"},{\"@type\":\"ListItem\",\"position\":2,\"name\":\"Webshop\",\"item\":\"https:\\\/\\\/achelsekluis.be\\\/en\\\/webshop\\\/\"},{\"@type\":\"ListItem\",\"position\":3,\"name\":\"Achel Rouge L\u00e9g\u00e8re\"}]},{\"@type\":\"WebSite\",\"@id\":\"https:\\\/\\\/achelsekluis.be\\\/en\\\/#website\",\"url\":\"https:\\\/\\\/achelsekluis.be\\\/en\\\/\",\"name\":\"De Achelse Kluis\",\"description\":\"Proef. Ontdek. Geniet.\",\"publisher\":{\"@id\":\"https:\\\/\\\/achelsekluis.be\\\/en\\\/#organization\"},\"potentialAction\":[{\"@type\":\"SearchAction\",\"target\":{\"@type\":\"EntryPoint\",\"urlTemplate\":\"https:\\\/\\\/achelsekluis.be\\\/en\\\/?s={search_term_string}\"},\"query-input\":{\"@type\":\"PropertyValueSpecification\",\"valueRequired\":true,\"valueName\":\"search_term_string\"}}],\"inLanguage\":\"en-US\"},{\"@type\":\"Organization\",\"@id\":\"https:\\\/\\\/achelsekluis.be\\\/en\\\/#organization\",\"name\":\"De Achelse Kluis\",\"alternateName\":\"Abdij van Achel\",\"url\":\"https:\\\/\\\/achelsekluis.be\\\/en\\\/\",\"logo\":{\"@type\":\"ImageObject\",\"inLanguage\":\"en-US\",\"@id\":\"https:\\\/\\\/achelsekluis.be\\\/en\\\/#\\\/schema\\\/logo\\\/image\\\/\",\"url\":\"https:\\\/\\\/achelsekluis.be\\\/wp-content\\\/uploads\\\/Achelse-Kluis-Hamont-Achel-Fotograaf_-Bjorn-Snelders-verkleind-2.jpg\",\"contentUrl\":\"https:\\\/\\\/achelsekluis.be\\\/wp-content\\\/uploads\\\/Achelse-Kluis-Hamont-Achel-Fotograaf_-Bjorn-Snelders-verkleind-2.jpg\",\"width\":900,\"height\":614,\"caption\":\"De Achelse Kluis\"},\"image\":{\"@id\":\"https:\\\/\\\/achelsekluis.be\\\/en\\\/#\\\/schema\\\/logo\\\/image\\\/\"},\"sameAs\":[\"https:\\\/\\\/www.facebook.com\\\/AchelseKluis\",\"https:\\\/\\\/www.instagram.com\\\/deachelsekluis\\\/\",\"https:\\\/\\\/www.tripadvisor.be\\\/Restaurant_Review-g1076518-d8590092-Reviews-De_Achelse_Kluis-Hamont_Achel_Limburg_Province.html\",\"https:\\\/\\\/be.linkedin.com\\\/company\\\/achelse-kluis\"]}]}<\/script>\n<!-- \/ Yoast SEO plugin. -->","yoast_head_json":{"title":"Achel | Rouge L\u00e9g\u00e8re | De Achelse Kluis","description":"Achel Rouge L\u00e9g\u00e8re is a refreshing fruit beer with a refined balance between sweet and sour, featuring notes of cherries and citrus.","robots":{"index":"index","follow":"follow","max-snippet":"max-snippet:-1","max-image-preview":"max-image-preview:large","max-video-preview":"max-video-preview:-1"},"canonical":"https:\/\/achelsekluis.be\/en\/product\/achel-rouge-legere-2\/","og_locale":"en_US","og_type":"article","og_title":"Achel | Rouge L\u00e9g\u00e8re | De Achelse Kluis","og_description":"Achel Rouge L\u00e9g\u00e8re is a refreshing fruit beer with a refined balance between sweet and sour, featuring notes of cherries and citrus.","og_url":"https:\/\/achelsekluis.be\/en\/product\/achel-rouge-legere-2\/","og_site_name":"De Achelse Kluis","article_publisher":"https:\/\/www.facebook.com\/AchelseKluis","article_modified_time":"2025-06-26T13:07:02+00:00","og_image":[{"width":336,"height":780,"url":"https:\/\/achelsekluis.be\/wp-content\/uploads\/Achel-Rouge-Legere-website.png","type":"image\/png"}],"schema":{"@context":"https:\/\/schema.org","@graph":[{"@type":["WebPage","ItemPage"],"@id":"https:\/\/achelsekluis.be\/en\/product\/achel-rouge-legere-2\/","url":"https:\/\/achelsekluis.be\/en\/product\/achel-rouge-legere-2\/","name":"Achel | Rouge L\u00e9g\u00e8re | De Achelse Kluis","isPartOf":{"@id":"https:\/\/achelsekluis.be\/en\/#website"},"primaryImageOfPage":{"@id":"https:\/\/achelsekluis.be\/en\/product\/achel-rouge-legere-2\/#primaryimage"},"image":{"@id":"https:\/\/achelsekluis.be\/en\/product\/achel-rouge-legere-2\/#primaryimage"},"thumbnailUrl":"https:\/\/achelsekluis.be\/wp-content\/uploads\/achel_rouge.webp","datePublished":"2025-02-26T14:55:42+00:00","dateModified":"2025-06-26T13:07:02+00:00","description":"Achel Rouge L\u00e9g\u00e8re is a refreshing fruit beer with a refined balance between sweet and sour, featuring notes of cherries and citrus.","breadcrumb":{"@id":"https:\/\/achelsekluis.be\/en\/product\/achel-rouge-legere-2\/#breadcrumb"},"inLanguage":"en-US","potentialAction":[{"@type":"ReadAction","target":["https:\/\/achelsekluis.be\/en\/product\/achel-rouge-legere-2\/"]}]},{"@type":"ImageObject","inLanguage":"en-US","@id":"https:\/\/achelsekluis.be\/en\/product\/achel-rouge-legere-2\/#primaryimage","url":"https:\/\/achelsekluis.be\/wp-content\/uploads\/achel_rouge.webp","contentUrl":"https:\/\/achelsekluis.be\/wp-content\/uploads\/achel_rouge.webp","width":340,"height":780,"caption":"Achel Rouge"},{"@type":"BreadcrumbList","@id":"https:\/\/achelsekluis.be\/en\/product\/achel-rouge-legere-2\/#breadcrumb","itemListElement":[{"@type":"ListItem","position":1,"name":"Home","item":"https:\/\/achelsekluis.be\/en\/"},{"@type":"ListItem","position":2,"name":"Webshop","item":"https:\/\/achelsekluis.be\/en\/webshop\/"},{"@type":"ListItem","position":3,"name":"Achel Rouge L\u00e9g\u00e8re"}]},{"@type":"WebSite","@id":"https:\/\/achelsekluis.be\/en\/#website","url":"https:\/\/achelsekluis.be\/en\/","name":"De Achelse Kluis","description":"Proef. Ontdek. Geniet.","publisher":{"@id":"https:\/\/achelsekluis.be\/en\/#organization"},"potentialAction":[{"@type":"SearchAction","target":{"@type":"EntryPoint","urlTemplate":"https:\/\/achelsekluis.be\/en\/?s={search_term_string}"},"query-input":{"@type":"PropertyValueSpecification","valueRequired":true,"valueName":"search_term_string"}}],"inLanguage":"en-US"},{"@type":"Organization","@id":"https:\/\/achelsekluis.be\/en\/#organization","name":"De Achelse Kluis","alternateName":"Abdij van Achel","url":"https:\/\/achelsekluis.be\/en\/","logo":{"@type":"ImageObject","inLanguage":"en-US","@id":"https:\/\/achelsekluis.be\/en\/#\/schema\/logo\/image\/","url":"https:\/\/achelsekluis.be\/wp-content\/uploads\/Achelse-Kluis-Hamont-Achel-Fotograaf_-Bjorn-Snelders-verkleind-2.jpg","contentUrl":"https:\/\/achelsekluis.be\/wp-content\/uploads\/Achelse-Kluis-Hamont-Achel-Fotograaf_-Bjorn-Snelders-verkleind-2.jpg","width":900,"height":614,"caption":"De Achelse Kluis"},"image":{"@id":"https:\/\/achelsekluis.be\/en\/#\/schema\/logo\/image\/"},"sameAs":["https:\/\/www.facebook.com\/AchelseKluis","https:\/\/www.instagram.com\/deachelsekluis\/","https:\/\/www.tripadvisor.be\/Restaurant_Review-g1076518-d8590092-Reviews-De_Achelse_Kluis-Hamont_Achel_Limburg_Province.html","https:\/\/be.linkedin.com\/company\/achelse-kluis"]}]}},"_links":{"self":[{"href":"https:\/\/achelsekluis.be\/en\/wp-json\/wp\/v2\/product\/1860","targetHints":{"allow":["GET"]}}],"collection":[{"href":"https:\/\/achelsekluis.be\/en\/wp-json\/wp\/v2\/product"}],"about":[{"href":"https:\/\/achelsekluis.be\/en\/wp-json\/wp\/v2\/types\/product"}],"wp:featuredmedia":[{"embeddable":true,"href":"https:\/\/achelsekluis.be\/en\/wp-json\/wp\/v2\/media\/2343"}],"wp:attachment":[{"href":"https:\/\/achelsekluis.be\/en\/wp-json\/wp\/v2\/media?parent=1860"}],"wp:term":[{"taxonomy":"product_brand","embeddable":true,"href":"https:\/\/achelsekluis.be\/en\/wp-json\/wp\/v2\/product_brand?post=1860"},{"taxonomy":"product_cat","embeddable":true,"href":"https:\/\/achelsekluis.be\/en\/wp-json\/wp\/v2\/product_cat?post=1860"},{"taxonomy":"product_tag","embeddable":true,"href":"https:\/\/achelsekluis.be\/en\/wp-json\/wp\/v2\/product_tag?post=1860"}],"curies":[{"name":"wp","href":"https:\/\/api.w.org\/{rel}","templated":true}]}}